{"id":7510,"date":"2015-04-17T12:12:00","date_gmt":"2015-04-17T10:12:00","guid":{"rendered":"http:\/\/grupobcc.com\/privacidad-2\/"},"modified":"2017-01-19T10:38:46","modified_gmt":"2017-01-19T09:38:46","slug":"privacidad","status":"publish","type":"page","link":"https:\/\/grupobcc.com\/co\/privacidad\/","title":{"rendered":"Privacidad"},"content":{"rendered":"<p class=\"lead\"><strong>NAVEGACI\u00d3N AN\u00d3NIMA A TRAV\u00c9S DE LAS P\u00c1GINAS WEB<\/strong><\/p>\n<p>BUREAU CONSULTING DE CONFERENCIANTES, SL (en adelante GRUPO BCC o BCC CONFERENCIANTES)., sociedad titular del web site \u201cgrupobcc.com\u201d s\u00f3lo obtiene y conserva la siguiente informaci\u00f3n acerca de los visitantes de nuestro web:<\/p>\n<p>El nombre de dominio del proveedor (PSI) y\/o direcci\u00f3n IP que les da acceso a la red.<\/p>\n<p>La fecha y hora de acceso a nuestro web. Ello nos permite averiguar las horas de m\u00e1s afluencia, y hacer los ajustes precisos para evitar problemas de saturaci\u00f3n en nuestras horas punta.<\/p>\n<p>La direcci\u00f3n de internet desde la que parti\u00f3 el link que dirige a nuestro web.<\/p>\n<p>El n\u00famero de visitantes diarios.<\/p>\n<p>La informaci\u00f3n obtenida es totalmente an\u00f3nima, y en ning\u00fan caso puede ser asociada a un usuario concreto e identificado.<\/p>\n<p><strong>TRATAMIENTO DE LOS DATOS DE CAR\u00c1CTER PERSONAL<\/strong><\/p>\n<p>BUREAU CONSULTING DE CONFERENCIANTES, S.L., sociedad de nacionalidad espanola con domicilio social en la Calle Jos\u00e9 Ortega y Gasset, 20. 4\u00aaplanta, 28006, de Madrid (Espa\u00f1a), es la titular del web site grupobcc.com.<\/p>\n<p>De acuerdo con la normativa vigente en materia de protecci\u00f3n de datos as\u00ed como en materia de servicios de la sociedad de la informaci\u00f3n y de comercio electr\u00f3nico, el usuario acepta que los datos personales aportados en el momento de su registro, o cualquier otro facilitado al GRUPO BCC. para su acceso a algunos de los servicios del web site, sean incorporados a ficheros titularidad de esta empresa, con la finalidad de facilitar la prestaci\u00f3n de los servicios solicitados, para la correcta identificaci\u00f3n de los usuarios que solicitan servicios personalizados en grupobcc.com, para la realizaci\u00f3n de estudios estad\u00edsticos de los usuarios registrados en grupobcc.com , que permitan disenar mejoras en los servicios prestados, para la gesti\u00f3n de tareas b\u00e1sicas de administraci\u00f3n, as\u00ed como para mantenerle informado, bien por correo electr\u00f3nico bien por cualquier otro medio, de novedades, productos y servicios relacionados con empresas pertenecientes al GRUPO BCC o con terceras empresas colaboradoras con \u00e9ste. En el caso de comunicaciones comerciales a trav\u00e9s de correo electr\u00f3nico o medio equivalente, el usuario presta su consentimiento expreso para el env\u00edo de publicidad a trav\u00e9s de dicho medio.<\/p>\n<p>Asimismo, el usuario presta su consentimiento para que el GRUPO BCC ceda sus datos a al resto de empresas pertenecientes al GRUPO BCC, seg\u00fan la informaci\u00f3n que consta en el Registro Mercantil de Madrid, con la \u00fanica finalidad de mejorar la prestaci\u00f3n de los servicios pactados, respetando, en todo caso, la legislaci\u00f3n espanola sobre protecci\u00f3n de los datos de car\u00e1cter personal.<\/p>\n<p>El GRUPO BCC. se compromete al cumplimiento de su obligaci\u00f3n de secreto de los datos de car\u00e1cter personal y de su deber de tratarlos con confidencialidad, y asume, a estos efectos, las medidas de \u00edndole t\u00e9cnica, organizativa y de seguridad necesarias para evitar su alteraci\u00f3n, p\u00e9rdida, tratamiento o acceso no autorizado, de acuerdo con lo establecido en la Ley Org\u00e1nica 15\/1999 de 13 de diciembre, de Protecci\u00f3n de Datos de Car\u00e1cter Personal, y dem\u00e1s legislaci\u00f3n aplicable.<\/p>\n<p>El usuario responder\u00e1, en cualquier caso, de la veracidad de los datos facilitados, reserv\u00e1ndose el GRUPO BCC. el derecho a excluir de los servicios registrados a todo usuario que haya facilitado datos falsos, sin perjuicio de las dem\u00e1s acciones que procedan en Derecho.<\/p>\n<p>Cualquier usuario registrado puede en cualquier momento ejercer el derecho a acceder, rectificar y, en su caso, cancelar sus datos de car\u00e1cter personal suministrados, mediante petici\u00f3n escrita dirigida al GRUPO BCC, dirigi\u00e9ndose a la Calle Jos\u00e9 Ortega y Gasset, 20. 4\u00aaplanta, 28006 de Madrid.<\/p>\n","protected":false},"excerpt":{"rendered":"<p>NAVEGACI\u00d3N AN\u00d3NIMA A TRAV\u00c9S DE LAS P\u00c1GINAS WEB BUREAU CONSULTING DE CONFERENCIANTES, SL (en adelante GRUPO BCC o BCC CONFERENCIANTES)., sociedad titular del web site \u201cgrupobcc.com\u201d s\u00f3lo obtiene y conserva la siguiente informaci\u00f3n acerca de los visitantes de nuestro web: El nombre de dominio del proveedor (PSI) y\/o direcci\u00f3n IP que les da acceso a&#8230;  <a href=\"https:\/\/grupobcc.com\/co\/privacidad\/\" class=\"more-link\" title=\"Read Privacidad\">Read more &raquo;<\/a><\/p>\n","protected":false},"author":2,"featured_media":0,"parent":0,"menu_order":0,"comment_status":"open","ping_status":"open","template":"","meta":{"_mi_skip_tracking":false},"yoast_head":"<!-- This site is optimized with the Yoast SEO plugin v16.6 - https:\/\/yoast.com\/wordpress\/plugins\/seo\/ -->\n<meta name=\"robots\" content=\"index, follow, max-snippet:-1, max-image-preview:large, max-video-preview:-1\" \/>\n<link rel=\"canonical\" href=\"https:\/\/grupobcc.com\/co\/privacidad\/\" \/>\n<meta property=\"og:locale\" content=\"es_ES\" \/>\n<meta property=\"og:type\" content=\"article\" \/>\n<meta property=\"og:title\" content=\"Privacidad 1 - BCC Speakers\" \/>\n<meta property=\"og:description\" content=\"NAVEGACI\u00d3N AN\u00d3NIMA A TRAV\u00c9S DE LAS P\u00c1GINAS WEB BUREAU CONSULTING DE CONFERENCIANTES, SL (en adelante GRUPO BCC o BCC CONFERENCIANTES)., sociedad titular del web site \u201cgrupobcc.com\u201d s\u00f3lo obtiene y conserva la siguiente informaci\u00f3n acerca de los visitantes de nuestro web: El nombre de dominio del proveedor (PSI) y\/o direcci\u00f3n IP que les da acceso a... Read more &raquo;\" \/>\n<meta property=\"og:url\" content=\"https:\/\/grupobcc.com\/co\/privacidad\/\" \/>\n<meta property=\"og:site_name\" content=\"BCC Speakers\" \/>\n<meta property=\"article:modified_time\" content=\"2017-01-19T09:38:46+00:00\" \/>\n<meta name=\"twitter:card\" content=\"summary\" \/>\n<meta name=\"twitter:site\" content=\"@BCCSpeakers\" \/>\n<meta name=\"twitter:label1\" content=\"Est. reading time\" \/>\n\t<meta name=\"twitter:data1\" content=\"3 minutes\" \/>\n<script type=\"application\/ld+json\" class=\"yoast-schema-graph\">{\"@context\":\"https:\/\/schema.org\",\"@graph\":[{\"@type\":\"WebSite\",\"@id\":\"https:\/\/grupobcc.com\/co\/#website\",\"url\":\"https:\/\/grupobcc.com\/co\/\",\"name\":\"BCC Speakers\",\"description\":\"The International Speakers Bureau\",\"potentialAction\":[{\"@type\":\"SearchAction\",\"target\":{\"@type\":\"EntryPoint\",\"urlTemplate\":\"https:\/\/grupobcc.com\/co\/?s={search_term_string}\"},\"query-input\":\"required name=search_term_string\"}],\"inLanguage\":\"es-CO\"},{\"@type\":\"WebPage\",\"@id\":\"https:\/\/grupobcc.com\/co\/privacidad\/#webpage\",\"url\":\"https:\/\/grupobcc.com\/co\/privacidad\/\",\"name\":\"Privacidad 1 - BCC Speakers\",\"isPartOf\":{\"@id\":\"https:\/\/grupobcc.com\/co\/#website\"},\"datePublished\":\"2015-04-17T10:12:00+00:00\",\"dateModified\":\"2017-01-19T09:38:46+00:00\",\"breadcrumb\":{\"@id\":\"https:\/\/grupobcc.com\/co\/privacidad\/#breadcrumb\"},\"inLanguage\":\"es-CO\",\"potentialAction\":[{\"@type\":\"ReadAction\",\"target\":[\"https:\/\/grupobcc.com\/co\/privacidad\/\"]}]},{\"@type\":\"BreadcrumbList\",\"@id\":\"https:\/\/grupobcc.com\/co\/privacidad\/#breadcrumb\",\"itemListElement\":[{\"@type\":\"ListItem\",\"position\":1,\"name\":\"Portada\",\"item\":\"https:\/\/grupobcc.com\/co\/\"},{\"@type\":\"ListItem\",\"position\":2,\"name\":\"Privacidad\"}]}]}<\/script>\n<!-- \/ Yoast SEO plugin. -->","_links":{"self":[{"href":"https:\/\/grupobcc.com\/co\/wp-json\/wp\/v2\/pages\/7510"}],"collection":[{"href":"https:\/\/grupobcc.com\/co\/wp-json\/wp\/v2\/pages"}],"about":[{"href":"https:\/\/grupobcc.com\/co\/wp-json\/wp\/v2\/types\/page"}],"author":[{"embeddable":true,"href":"https:\/\/grupobcc.com\/co\/wp-json\/wp\/v2\/users\/2"}],"replies":[{"embeddable":true,"href":"https:\/\/grupobcc.com\/co\/wp-json\/wp\/v2\/comments?post=7510"}],"version-history":[{"count":2,"href":"https:\/\/grupobcc.com\/co\/wp-json\/wp\/v2\/pages\/7510\/revisions"}],"predecessor-version":[{"id":10834,"href":"https:\/\/grupobcc.com\/co\/wp-json\/wp\/v2\/pages\/7510\/revisions\/10834"}],"wp:attachment":[{"href":"https:\/\/grupobcc.com\/co\/wp-json\/wp\/v2\/media?parent=7510"}],"curies":[{"name":"wp","href":"https:\/\/api.w.org\/{rel}","templated":true}]}}