{"id":7516,"date":"2015-04-17T07:57:39","date_gmt":"2015-04-17T05:57:39","guid":{"rendered":"http:\/\/grupobcc.com\/home-2\/"},"modified":"2015-04-17T07:57:39","modified_gmt":"2015-04-17T05:57:39","slug":"home","status":"publish","type":"page","link":"https:\/\/grupobcc.com\/co\/","title":{"rendered":"Home BCC Conferenciantes"},"content":{"rendered":"<p class=\"lead\">Desde 1992, BCC Conferenciantes ha sido la primera Agencia Internacional Hispanoamericana que ha promovido de forma activa y con preferencia a las personalidades m\u00e1s destacadas del mundo hispanoparlante. Nuestro claro compromiso en la difusi\u00f3n de experiencias y conocimientos, utilizando como veh\u00edculo el idioma espanol, nos ha posicionado como la agencia l\u00edder de Hispanoam\u00e9rica.<\/p>\n<p class=\"txt-resaltado\">En estos a\u00f1os de actividad hemos mantenido una permanente incorporaci\u00f3n de personalidades y expertos en todas las \u00e1reas del conocimiento humano. Actualmente, BCC\u00a0Conferenciantes trabaja con los m\u00e1s destacados especialistas hispanos e internacionales que le permiten atender las diferentes tem\u00e1ticas que demanda el mercado. Desde nuestras oficinas cetrales de Madrid, coordinamos una red internacional de consultores con presencia en local M\u00e9xico, Bogot\u00e1, Buenos Aires, Nueva York, Vancouver, Lisboa y Londres, que nos permite atender a nuestros clientes y conferenciantes de forma agil y cercana.<\/p>\n<p class=\"txt-resaltado\">No podr\u00edamos haber llegado hasta aqu\u00ed sin el trabajo, la dedicaci\u00f3n y la entrega de todo el equipo humano que conforma BCC Conferenciantes. Tampoco sin el apoyo de las importantes personalidades que han delegado en nosotros su gesti\u00f3n como conferenciantes. Y por supuesto, no habr\u00edamos alcanzado nuestros objetivos sin la amplia cartera de clientes que, a\u00f1o tras a\u00f1o, renuevan su confianza en el equipo profesional de BCC Conferenciantes.<\/p>\n<p>Algunas de las Organizaciones y Empresas ms importantes con las que hemos colaborado son \u00a0<b>BANCO SANTANDER, TELEF\u00d3NICA, BBVA, REPSOL, GOOGLE, KPMG, GENERAL ELECTRIC, ACCENTURE, IBM, DEUSTCHE BANK, MERRYL LYNCH, FEMSA, GRUPO RHUO, DISNEY, COFAS, CAINCO, CEMEX, GNP, TELEVISA., TELMEX, MABE<\/b>, ofreciendo un servicio adaptado a las necesidades del Mercado Mexicano.<\/p>\n<p class=\"txt-resaltado\">Todo ello nos impulsa a seguir trabajando con rigor y profesionalidad, en constante renovaci\u00f3n y con la exigencia de mejorar nuestra calidad de servicio.<\/p>\n","protected":false},"excerpt":{"rendered":"<p>Desde 1992, BCC Conferenciantes ha sido la primera Agencia Internacional Hispanoamericana que ha promovido de forma activa y con preferencia a las personalidades m\u00e1s destacadas del mundo hispanoparlante. Nuestro claro compromiso en la difusi\u00f3n de experiencias y conocimientos, utilizando como veh\u00edculo el idioma espanol, nos ha posicionado como la agencia l\u00edder de Hispanoam\u00e9rica. En estos&#8230;  <a href=\"https:\/\/grupobcc.com\/co\/\" class=\"more-link\" title=\"Read Home BCC Conferenciantes\">Read more &raquo;<\/a><\/p>\n","protected":false},"author":2,"featured_media":0,"parent":0,"menu_order":0,"comment_status":"open","ping_status":"closed","template":"page-homepage.php","meta":{"_mi_skip_tracking":false},"yoast_head":"<!-- This site is optimized with the Yoast SEO plugin v16.6 - https:\/\/yoast.com\/wordpress\/plugins\/seo\/ -->\n<meta name=\"description\" content=\"BCC Conferenciantes es la primera agencia internacional hispanoamericana, llevamos trabajando desde 1992 con los mas importantes conferenciantes del momento\" \/>\n<meta name=\"robots\" content=\"index, follow, max-snippet:-1, max-image-preview:large, max-video-preview:-1\" \/>\n<link rel=\"canonical\" href=\"https:\/\/grupobcc.com\/co\/\" \/>\n<meta property=\"og:locale\" content=\"es_ES\" \/>\n<meta property=\"og:type\" content=\"article\" \/>\n<meta property=\"og:title\" content=\"BCC Conferenciantes, agencia internacional desde 1992\" \/>\n<meta property=\"og:description\" content=\"BCC Conferenciantes es la primera agencia internacional hispanoamericana, llevamos trabajando desde 1992 con los mas importantes conferenciantes del momento\" \/>\n<meta property=\"og:url\" content=\"https:\/\/grupobcc.com\/co\/\" \/>\n<meta property=\"og:site_name\" content=\"BCC Speakers\" \/>\n<meta name=\"twitter:card\" content=\"summary\" \/>\n<meta name=\"twitter:site\" content=\"@BCCSpeakers\" \/>\n<meta name=\"twitter:label1\" content=\"Est. reading time\" \/>\n\t<meta name=\"twitter:data1\" content=\"1 minute\" \/>\n<script type=\"application\/ld+json\" class=\"yoast-schema-graph\">{\"@context\":\"https:\/\/schema.org\",\"@graph\":[{\"@type\":\"WebSite\",\"@id\":\"https:\/\/grupobcc.com\/co\/#website\",\"url\":\"https:\/\/grupobcc.com\/co\/\",\"name\":\"BCC Speakers\",\"description\":\"The International Speakers Bureau\",\"potentialAction\":[{\"@type\":\"SearchAction\",\"target\":{\"@type\":\"EntryPoint\",\"urlTemplate\":\"https:\/\/grupobcc.com\/co\/?s={search_term_string}\"},\"query-input\":\"required name=search_term_string\"}],\"inLanguage\":\"es-CO\"},{\"@type\":\"WebPage\",\"@id\":\"https:\/\/grupobcc.com\/co\/#webpage\",\"url\":\"https:\/\/grupobcc.com\/co\/\",\"name\":\"BCC Conferenciantes, agencia internacional desde 1992\",\"isPartOf\":{\"@id\":\"https:\/\/grupobcc.com\/co\/#website\"},\"datePublished\":\"2015-04-17T05:57:39+00:00\",\"dateModified\":\"2015-04-17T05:57:39+00:00\",\"description\":\"BCC Conferenciantes es la primera agencia internacional hispanoamericana, llevamos trabajando desde 1992 con los mas importantes conferenciantes del momento\",\"breadcrumb\":{\"@id\":\"https:\/\/grupobcc.com\/co\/#breadcrumb\"},\"inLanguage\":\"es-CO\",\"potentialAction\":[{\"@type\":\"ReadAction\",\"target\":[\"https:\/\/grupobcc.com\/co\/\"]}]},{\"@type\":\"BreadcrumbList\",\"@id\":\"https:\/\/grupobcc.com\/co\/#breadcrumb\",\"itemListElement\":[{\"@type\":\"ListItem\",\"position\":1,\"name\":\"Portada\",\"item\":\"https:\/\/grupobcc.com\/co\/\"},{\"@type\":\"ListItem\",\"position\":2,\"name\":\"Home BCC Conferenciantes\"}]}]}<\/script>\n<!-- \/ Yoast SEO plugin. -->","_links":{"self":[{"href":"https:\/\/grupobcc.com\/co\/wp-json\/wp\/v2\/pages\/7516"}],"collection":[{"href":"https:\/\/grupobcc.com\/co\/wp-json\/wp\/v2\/pages"}],"about":[{"href":"https:\/\/grupobcc.com\/co\/wp-json\/wp\/v2\/types\/page"}],"author":[{"embeddable":true,"href":"https:\/\/grupobcc.com\/co\/wp-json\/wp\/v2\/users\/2"}],"replies":[{"embeddable":true,"href":"https:\/\/grupobcc.com\/co\/wp-json\/wp\/v2\/comments?post=7516"}],"version-history":[{"count":0,"href":"https:\/\/grupobcc.com\/co\/wp-json\/wp\/v2\/pages\/7516\/revisions"}],"wp:attachment":[{"href":"https:\/\/grupobcc.com\/co\/wp-json\/wp\/v2\/media?parent=7516"}],"curies":[{"name":"wp","href":"https:\/\/api.w.org\/{rel}","templated":true}]}}