{"id":7485,"date":"2015-04-17T12:11:48","date_gmt":"2015-04-17T10:11:48","guid":{"rendered":"http:\/\/grupobcc.com\/aviso-legal-2\/"},"modified":"2017-01-19T18:56:56","modified_gmt":"2017-01-19T17:56:56","slug":"aviso-legal","status":"publish","type":"page","link":"https:\/\/grupobcc.com\/it\/aviso-legal\/","title":{"rendered":"Avviso Legale"},"content":{"rendered":"<h2 style=\"color: #ffffff;\"><strong>Aviso Legal<\/strong><\/h2>\n<p class=\"lead\"><strong>1. DATI IDENTIFICATIVI<\/strong><\/p>\n<h2><\/h2>\n<p>1.1. BUREAU CONSULTING DE CONFERENCIANTES, S.L. (di seguito, BCC O GRUPO BCC) \u00e8 un&#8217;entit\u00e0 il cui domicilio sociale si trova situato en Calle Jos\u00e9 Ortega y Gasset, 20, 28006 Madrid e la cui P. IVA \u00e8 \u00a0B-84318708 Telefono (34) 91 432 4035; Fax (34) 91 577 64 80<br \/>\nL&#8217;indirizzo di posta elettronica di contatto \u00e8 il seguente: bcc@grupobcc.es.<br \/>\nQuesta entit\u00e0 \u00e8 iscritta nel Registro Mercantil de Madrid, Tomo 21276, Folio 46, Hoja M &#8211; 377953.<br \/>\n1.2. Inoltre, el nombre de dominio, titularidad de GRUPOBCC, es \u201cgrupobcc.com\u201d<\/p>\n<h2><\/h2>\n<p><strong>2. OBJETO Y \u00c1MBITO DE APLICACI\u00d3N<\/strong><\/p>\n<h2><\/h2>\n<p>2.1. Estas son las condiciones generales (en adelante \u201ccondiciones generales\u201d) que regulan el acceso, navegaci\u00f3n y uso de los sitios web bajo el dominio \u201cgrupobcc.com\u201d (en adelante, Sitio Web), as\u00ed como las responsabilidades derivadas de la utilizaci\u00f3n de sus contenidos (entendiendo en adelante por \u201ccontenidos\u201d los textos, gr\u00e1ficos, dibujos, disenos, c\u00f3digos, software, fotograf\u00edas, m\u00fasica, v\u00eddeos, sonidos, bases de datos, im\u00e1genes, expresiones e informaciones, as\u00ed como cualquier otra creaci\u00f3n protegida por las leyes nacionales y los tratados internacionales sobre propiedad intelectual e industrial).<\/p>\n<h2><\/h2>\n<p>2.2. Se entender\u00e1 que el acceso o la mera utilizaci\u00f3n de grupobcc.com por parte del Usuario implica la adhesi\u00f3n de \u00e9ste a las condiciones generales que el GRUPO BCC tenga publicadas en cada momento en el que acceda a \u201cgrupobcc.com\u201d. En consecuencia, el Usuario debe leer atentamente estas condiciones generales.<\/p>\n<h2><\/h2>\n<p>En este sentido, se entender\u00e1 por Usuario a la persona que acceda, navegue, utilice o participe en los servicios y actividades, gratuitas u onerosas, desarrolladas en \u201cgrupobcc.com\u201d.<\/p>\n<h2><\/h2>\n<p>2.3. Las presentes condiciones generales tienen por objeto regular el acceso, navegaci\u00f3n y uso del \u201cgrupobcc.com\u201d, pero independientemente de las mismas, GRUPO BCC podr\u00e1 establecer unas condiciones particulares que regulen la utilizaci\u00f3n y\/o contrataci\u00f3n de servicios espec\u00edficos ofrecidos a los Usuarios a trav\u00e9s del site \u201cgrupobcc.com\u201d.<\/p>\n<h2><\/h2>\n<p>Asimismo, a trav\u00e9s del \u201cgrupobcc.com\u201d, el GRUPO BCC podr\u00e1 habilitar a terceras entidades para que publiciten o presten sus servicios. En estos casos, GRUPO BCC no ser\u00e1 responsable de establecer las condiciones generales y particulares a tener en cuenta en la utilizaci\u00f3n, prestaci\u00f3n o contrataci\u00f3n de estos servicios por terceros y, por tanto, no podr\u00e1 ser considerado responsable de los mismos.<\/p>\n<h2><\/h2>\n<p>2.4. Antes de utilizar y\/o contratar dichos servicios espec\u00edficos prestados por el GRUPO BCC, el Usuario deber\u00e1 leer atentamente las correspondientes condiciones particulares creadas a tal efecto por el GRUPO BCC. La utilizaci\u00f3n y\/o la contrataci\u00f3n de dichos servicios espec\u00edficos implica la aceptaci\u00f3n de las condiciones particulares que los regulen en la versi\u00f3n publicada por \u201cgrupobcc.com\u201d en el momento en que se produzca dicha utilizaci\u00f3n y\/o contrataci\u00f3n.<\/p>\n<h2><span style=\"color: #ffffff;\"><strong>Aviso Legal<\/strong><\/span><\/h2>\n<p><strong>3. DERECHOS DE PROPIEDAD INTELECTUAL E INDUSTRIAL<\/strong><\/p>\n<h2><span style=\"color: #ffffff;\"><strong>Aviso Legal<\/strong><\/span><\/h2>\n<p>3.1. El GRUPO BCC es titular o tiene la correspondiente licencia sobre los derechos de explotaci\u00f3n de propiedad intelectual e industrial de la web site \u201cgrupobcc.com\u201d, as\u00ed como de los derechos de propiedad intelectual, industrial y de imagen sobre los contenidos disponibles a trav\u00e9s del mismo.<\/p>\n<h2><span style=\"color: #ffffff;\"><strong>Aviso Legal<\/strong><\/span><\/h2>\n<p>3.2. En ning\u00fan caso se entender\u00e1 que el acceso y navegaci\u00f3n del Usuario, implica una renuncia, transmisi\u00f3n, licencia o cesi\u00f3n total ni parcial de dichos derechos por parte de \u201cgrupobcc.com\u201d<\/p>\n<h2><span style=\"color: #ffffff;\"><strong>Aviso Legal<\/strong><\/span><\/h2>\n<p>3.3. En consecuencia, no est\u00e1 permitido suprimir, eludir o manipular el aviso de derechos de autor y cualesquiera otros datos de identificaci\u00f3n de los derechos del GRUPO BCC.<\/p>\n<h2><span style=\"color: #ffffff;\"><strong>Aviso Legal<\/strong><\/span><\/h2>\n<p>3.4. Asimismo est\u00e1 prohibido modificar, copiar, reutilizar, explotar, reproducir, comunicar p\u00fablicamente, hacer segundas o posteriores publicaciones, cargar archivos, enviar por correo, transmitir, usar, tratar o distribuir de cualquier forma la totalidad o parte de los contenidos incluidos en el \u201cgrupobcc.com\u201d para prop\u00f3sitos p\u00fablicos o comerciales, si no se cuenta con la autorizaci\u00f3n expresa y por escrito de Grupo BCC o, en su caso, del titular de los derechos a que corresponda.<\/p>\n<h2><span style=\"color: #ffffff;\"><strong>Aviso Legal<\/strong><\/span><\/h2>\n<p><strong>4. ACCESO<\/strong><\/p>\n<h2><span style=\"color: #ffffff;\"><strong>Aviso Legal<\/strong><\/span><\/h2>\n<p>4.1. El acceso a \u201cgrupobcc.com\u201d por parte de los Usuarios tiene car\u00e1cter libre y gratuito, no obstante, algunos de los contenidos ofrecidos por el GRUPO BCC a trav\u00e9s de \u201cgrupobcc.com\u201d pueden encontrarse sujetos a la obtenci\u00f3n previa de una clave que le permita acceder a una zona privada, en la forma que se determine en las correspondientes Condiciones Particulares, en cuyo caso se pondr\u00e1n a su disposici\u00f3n de forma clara.<\/p>\n<h2><span style=\"color: #ffffff;\"><strong>Aviso Legal<\/strong><\/span><\/h2>\n<p>4.2. Cuando sea necesario que el Usuario se registre o aporte datos personales para poder acceder a alguno de los servicios espec\u00edficos, la recogida, el tratamiento y, en su caso, la cesi\u00f3n o el acceso de los datos personales de los Usuarios ser\u00e1 de aplicaci\u00f3n lo dispuesto en la Pol\u00edtica de Privacidad recogida en el \u201cgrupobcc.com\u201d.<\/p>\n<h2><span style=\"color: #ffffff;\"><strong>Aviso Legal<\/strong><\/span><\/h2>\n<p><strong>5. UTILIZACI\u00d3N DE LA P\u00c1GINA<\/strong><\/p>\n<h2><span style=\"color: #ffffff;\"><strong>Aviso Legal<\/strong><\/span><\/h2>\n<p>5.1. Los contenidos incluidos en el \u201cgrupobcc.com\u201d se facilitan \u00fanicamente a consumidores o usuarios finales. Cualquier uso comercial no autorizado de los mismos, o su reventa, quedan prohibidos, salvo que se cuente con la previa autorizaci\u00f3n escrita del GRUPO BCC<\/p>\n<h2><span style=\"color: #ffffff;\"><strong>Aviso Legal<\/strong><\/span><\/h2>\n<p>5.2. Si para la utilizaci\u00f3n, obtenci\u00f3n de clave de acceso para zona privada y\/o contrataci\u00f3n de un servicio en la web \u201cgrupobcc.com\u201d, el Usuario debiera proceder a su registro, \u00e9ste ser\u00e1 responsable de aportar informaci\u00f3n veraz y l\u00edcita. Si como consecuencia del registro, se dotara al Usuario de una contrasena o clave, \u00e9ste se compromete a hacer un uso diligente y a mantener en secreto la contrasena para acceder a estos servicios.<\/p>\n<h2><span style=\"color: #ffffff;\"><strong>Aviso Legal<\/strong><\/span><\/h2>\n<p>En consecuencia, los Usuarios son responsables de la adecuada custodia y confidencialidad de cualesquiera identificadores y\/o contrasenas que le sean suministradas por el GRUPO BCC, y se comprometen a no ceder su uso a terceros, ya sea temporal o permanente, ni a permitir su acceso a personas ajenas. Ser\u00e1 responsabilidad del Usuario la utilizaci\u00f3n il\u00edcita de los servicios por cualquier tercero ileg\u00edtimo que emplee a tal efecto una contrasena a causa de una utilizaci\u00f3n no diligente o de la p\u00e9rdida de la misma por el Usuario.<\/p>\n<h2><span style=\"color: #ffffff;\"><strong>Aviso Legal<\/strong><\/span><\/h2>\n<p>No obstante, es importante resaltar que la identificaci\u00f3n y autenticaci\u00f3n mediante nombre de usuario y contrasena es un m\u00e9todo poco fiable en comparaci\u00f3n con la firma electr\u00f3nica avanzada.<\/p>\n<h2><span style=\"color: #ffffff;\"><strong>Aviso Legal<\/strong><\/span><\/h2>\n<p>5.3. El acceso, navegaci\u00f3n y uso de \u201cgrupobcc.com\u201d es responsabilidad del Usuario, por lo que el Usuario se compromete a observar diligente y fielmente cualquier instrucci\u00f3n adicional impartida por el GRUPO BCC relativa al uso de la web site o de sus contenidos.<\/p>\n<h2><span style=\"color: #ffffff;\"><strong>Aviso Legal<\/strong><\/span><\/h2>\n<p>5.4. Por tanto, el Usuario se obliga a usar los contenidos de forma diligente, correcta y l\u00edcita y, en particular, se compromete a abstenerse de:<\/p>\n<h2><span style=\"color: #ffffff;\"><strong>Aviso Legal<\/strong><\/span><\/h2>\n<p>utilizar los contenidos con fines o efectos contrarios a la ley, a la moral y a las buenas costumbres generalmente aceptadas o al orden p\u00fablico;<\/p>\n<h2><span style=\"color: #ffffff;\"><strong>Aviso Legal<\/strong><\/span><\/h2>\n<p>reproducir o copiar, distribuir, permitir el acceso del p\u00fablico a trav\u00e9s de cualquier modalidad de comunicaci\u00f3n p\u00fablica, transformar o modificar los contenidos, a menos que se cuente con la autorizaci\u00f3n del titular de los correspondientes derechos o ello resulte legalmente permitido;<\/p>\n<h2><span style=\"color: #ffffff;\"><strong>Aviso Legal<\/strong><\/span><\/h2>\n<p>emplear los contenidos y, en particular, la informaci\u00f3n de cualquier clase obtenida a trav\u00e9s de la p\u00e1gina o de los servicios para remitir publicidad, comunicaciones con fines de venta directa o con cualquier otra clase de finalidad comercial, mensajes no solicitados dirigidos a una pluralidad de personas con independencia de su finalidad, as\u00ed como a abstenerse de comercializar o divulgar de cualquier modo dicha informaci\u00f3n.<\/p>\n<h2><span style=\"color: #ffffff;\"><strong>Aviso Legal<\/strong><\/span><\/h2>\n<p><strong>6. LICENCIA SOBRE LAS COMUNICACIONES<\/strong><\/p>\n<h2><span style=\"color: #ffffff;\"><strong>Aviso Legal<\/strong><\/span><\/h2>\n<p>6.1. En el caso de que el Usuario env\u00ede informaci\u00f3n de cualquier tipo a \u201cgrupobcc.com\u201d, el mismo declara, garantiza y acepta que tiene derecho a hacerlo libremente, que dicha informaci\u00f3n no infringe ning\u00fan derecho de propiedad intelectual, de marca, de patente, secreto comercial, o cualquier otro derecho de tercero, que dicha informaci\u00f3n no tiene car\u00e1cter confidencial y que dicha informaci\u00f3n no es perjudicial para terceros.<\/p>\n<h2><span style=\"color: #ffffff;\"><strong>Aviso Legal<\/strong><\/span><\/h2>\n<p>6.2. El Usuario reconoce asumir la responsabilidad y dejar\u00e1 indemne al GRUPO BCC por cualquier comunicaci\u00f3n que suministre personalmente o a su nombre, alcanzando dicha responsabilidad sin restricci\u00f3n alguna la exactitud, legalidad, originalidad y titularidad de la misma.<\/p>\n<h2><span style=\"color: #ffffff;\"><strong>Aviso Legal<\/strong><\/span><\/h2>\n<p><strong>7. RESPONSABILIDADES Y GARANT\u00cdAS<\/strong><\/p>\n<h2><span style=\"color: #ffffff;\"><strong>Aviso Legal<\/strong><\/span><\/h2>\n<p>7.1. El GRUPO BCC no garantiza la licitud, fiabilidad, utilidad, veracidad o exactitud de los servicios o de la informaci\u00f3n que se presten a trav\u00e9s de \u201cgrupobcc.com\u201d.<\/p>\n<h2><span style=\"color: #ffffff;\"><strong>Aviso Legal<\/strong><\/span><\/h2>\n<p>7.2. En consecuencia, el GRUPO BCC no garantiza ni se hace responsable de:<\/p>\n<h2><span style=\"color: #ffffff;\"><strong>Aviso Legal<\/strong><\/span><\/h2>\n<p>(i) la continuidad de los contenidos de \u201cgrupobcc.com\u201d;<\/p>\n<h2><span style=\"color: #ffffff;\"><strong>Aviso Legal<\/strong><\/span><\/h2>\n<p>(ii) la ausencia de errores en dichos contenidos ni la correcci\u00f3n de cualquier defecto que pudiera ocurrir;<\/p>\n<h2><span style=\"color: #ffffff;\"><strong>Aviso Legal<\/strong><\/span><\/h2>\n<p>(iii) la ausencia de virus y\/o dem\u00e1s componentes daninos en \u201cgrupobcc.com\u201do en el servidor que lo suministra;<\/p>\n<h2><span style=\"color: #ffffff;\"><strong>Aviso Legal<\/strong><\/span><\/h2>\n<p>(iv) la invulnerabilidad de \u201cgrupobcc.com\u201d y\/o la inexpugnabilidad de las medidas de seguridad que se adopten en el mismo;<\/p>\n<h2><span style=\"color: #ffffff;\"><strong>Aviso Legal<\/strong><\/span><\/h2>\n<p>(v) la falta de utilidad o rendimiento de los contenidos de\u201dgrupobcc.com\u201d;<\/p>\n<h2><span style=\"color: #ffffff;\"><strong>Aviso Legal<\/strong><\/span><\/h2>\n<p>(vi) los danos o perjuicios que cause, a s\u00ed mismo o a un tercero, cualquier persona que infringiera las condiciones, normas e instrucciones que el GRUPO BCC establece en \u201cgrupobcc.com\u201d o a trav\u00e9s de la vulneraci\u00f3n de los sistemas de seguridad de \u201cgrupobcc.com\u201d.<\/p>\n<h2><span style=\"color: #ffffff;\"><strong>Aviso Legal<\/strong><\/span><\/h2>\n<p>No obstante, el GRUPO BCC declara que ha adoptado todas las medidas necesarias, dentro de sus posibilidades y del estado de la tecnolog\u00eda, para garantizar el funcionamiento de \u201cgrupobcc.com\u201d y evitar la existencia y transmisi\u00f3n de virus y dem\u00e1s componentes daninos a los Usuarios.<\/p>\n<h2><span style=\"color: #ffffff;\"><strong>Aviso Legal<\/strong><\/span><\/h2>\n<p><strong>8. DURACI\u00d3N Y MODIFICACI\u00d3N<\/strong><\/p>\n<h2><span style=\"color: #ffffff;\"><strong>Aviso Legal<\/strong><\/span><\/h2>\n<p>8.1. El GRUPO BCC podr\u00e1 modificar los t\u00e9rminos y condiciones aqu\u00ed estipulados, total o parcialmente, publicando cualquier cambio en la misma forma en que aparecen estas condiciones generales o a trav\u00e9s de cualquier tipo de comunicaci\u00f3n dirigida a los Usuarios.<\/p>\n<h2><span style=\"color: #ffffff;\"><strong>Aviso Legal<\/strong><\/span><\/h2>\n<p>8.2. La vigencia temporal de estas condiciones generales coincide, por lo tanto, con el tiempo de su exposici\u00f3n, hasta que sean modificadas total o parcialmente, momento en el cual pasar\u00e1n a tener vigencia las condiciones generales modificadas.<\/p>\n<h2><span style=\"color: #ffffff;\"><strong>Aviso Legal<\/strong><\/span><\/h2>\n<p>8.3. Con independencia de lo dispuesto en las condiciones particulares, el GRUPO BCC podr\u00e1 dar por terminado, suspender o interrumpir, en cualquier momento sin necesidad de preaviso, el acceso a los contenidos de la p\u00e1gina, sin posibilidad por parte del Usuario de exigir indemnizaci\u00f3n alguna. Tras dicha extinci\u00f3n, seguir\u00e1n vigentes las prohibiciones de uso de los contenidos expuestas anteriormente en las presentes condiciones generales.<\/p>\n<h2><span style=\"color: #ffffff;\"><strong>Aviso Legal<\/strong><\/span><\/h2>\n<p><strong>9. JURISDICCI\u00d3N<\/strong><\/p>\n<h2><span style=\"color: #ffffff;\"><strong>Aviso Legal<\/strong><\/span><\/h2>\n<p>Las relaciones establecidas entre el GRUPO BCC y el Usuario se regir\u00e1n por lo dispuesto en la normativa espanola vigente acerca de la legislaci\u00f3n aplicable y la jurisdicci\u00f3n competente. No obstante, para los casos en los que la normativa prevea la posibilidad a las partes de someterse a un fuero, el GRUPO BCC y el Usuario, con renuncia expresa a cualquier otro fuero que pudiera corresponderles, se someten a los Juzgados y Tribunales de la ciudad de Madrid.<\/p>\n<h2><span style=\"color: #ffffff;\"><strong>Aviso Legal<\/strong><\/span><\/h2>\n","protected":false},"excerpt":{"rendered":"<p>Aviso Legal 1. DATI IDENTIFICATIVI 1.1. BUREAU CONSULTING DE CONFERENCIANTES, S.L. (di seguito, BCC O GRUPO BCC) \u00e8 un&#8217;entit\u00e0 il cui domicilio sociale si trova situato en Calle Jos\u00e9 Ortega y Gasset, 20, 28006 Madrid e la cui P. IVA \u00e8 \u00a0B-84318708 Telefono (34) 91 432 4035; Fax (34) 91 577 64 80 L&#8217;indirizzo di&#8230;  <a href=\"https:\/\/grupobcc.com\/it\/aviso-legal\/\" class=\"more-link\" title=\"Read Avviso Legale\">Read more &raquo;<\/a><\/p>\n","protected":false},"author":2,"featured_media":0,"parent":0,"menu_order":0,"comment_status":"open","ping_status":"open","template":"","meta":{"_mi_skip_tracking":false},"yoast_head":"<!-- This site is optimized with the Yoast SEO plugin v16.6 - https:\/\/yoast.com\/wordpress\/plugins\/seo\/ -->\n<meta name=\"description\" content=\"Aviso legal. Condiciones generales que regulan el acceso, navegaci\u00f3n y uso de los sitios web bajo el dominio grupobcc.com.\" \/>\n<meta name=\"robots\" content=\"index, follow, max-snippet:-1, max-image-preview:large, max-video-preview:-1\" \/>\n<link rel=\"canonical\" href=\"https:\/\/grupobcc.com\/it\/aviso-legal\/\" \/>\n<meta property=\"og:locale\" content=\"it_IT\" \/>\n<meta property=\"og:type\" content=\"article\" \/>\n<meta property=\"og:title\" content=\"Avviso Legale 1 - BCC Speakers\" \/>\n<meta property=\"og:description\" content=\"Aviso legal. Condiciones generales que regulan el acceso, navegaci\u00f3n y uso de los sitios web bajo el dominio grupobcc.com.\" \/>\n<meta property=\"og:url\" content=\"https:\/\/grupobcc.com\/it\/aviso-legal\/\" \/>\n<meta property=\"og:site_name\" content=\"BCC Speakers\" \/>\n<meta property=\"article:modified_time\" content=\"2017-01-19T17:56:56+00:00\" \/>\n<meta name=\"twitter:card\" content=\"summary\" \/>\n<meta name=\"twitter:site\" content=\"@BCCSpeakers\" \/>\n<meta name=\"twitter:label1\" content=\"Est. reading time\" \/>\n\t<meta name=\"twitter:data1\" content=\"9 minutes\" \/>\n<script type=\"application\/ld+json\" class=\"yoast-schema-graph\">{\"@context\":\"https:\/\/schema.org\",\"@graph\":[{\"@type\":\"WebSite\",\"@id\":\"https:\/\/grupobcc.com\/it\/#website\",\"url\":\"https:\/\/grupobcc.com\/it\/\",\"name\":\"BCC Speakers\",\"description\":\"The International Speakers Bureau\",\"potentialAction\":[{\"@type\":\"SearchAction\",\"target\":{\"@type\":\"EntryPoint\",\"urlTemplate\":\"https:\/\/grupobcc.com\/it\/?s={search_term_string}\"},\"query-input\":\"required name=search_term_string\"}],\"inLanguage\":\"it-IT\"},{\"@type\":\"WebPage\",\"@id\":\"https:\/\/grupobcc.com\/it\/aviso-legal\/#webpage\",\"url\":\"https:\/\/grupobcc.com\/it\/aviso-legal\/\",\"name\":\"Avviso Legale 1 - BCC Speakers\",\"isPartOf\":{\"@id\":\"https:\/\/grupobcc.com\/it\/#website\"},\"datePublished\":\"2015-04-17T10:11:48+00:00\",\"dateModified\":\"2017-01-19T17:56:56+00:00\",\"description\":\"Aviso legal. Condiciones generales que regulan el acceso, navegaci\\u00f3n y uso de los sitios web bajo el dominio grupobcc.com.\",\"breadcrumb\":{\"@id\":\"https:\/\/grupobcc.com\/it\/aviso-legal\/#breadcrumb\"},\"inLanguage\":\"it-IT\",\"potentialAction\":[{\"@type\":\"ReadAction\",\"target\":[\"https:\/\/grupobcc.com\/it\/aviso-legal\/\"]}]},{\"@type\":\"BreadcrumbList\",\"@id\":\"https:\/\/grupobcc.com\/it\/aviso-legal\/#breadcrumb\",\"itemListElement\":[{\"@type\":\"ListItem\",\"position\":1,\"name\":\"Portada\",\"item\":\"https:\/\/grupobcc.com\/it\/\"},{\"@type\":\"ListItem\",\"position\":2,\"name\":\"Avviso Legale\"}]}]}<\/script>\n<!-- \/ Yoast SEO plugin. -->","_links":{"self":[{"href":"https:\/\/grupobcc.com\/it\/wp-json\/wp\/v2\/pages\/7485"}],"collection":[{"href":"https:\/\/grupobcc.com\/it\/wp-json\/wp\/v2\/pages"}],"about":[{"href":"https:\/\/grupobcc.com\/it\/wp-json\/wp\/v2\/types\/page"}],"author":[{"embeddable":true,"href":"https:\/\/grupobcc.com\/it\/wp-json\/wp\/v2\/users\/2"}],"replies":[{"embeddable":true,"href":"https:\/\/grupobcc.com\/it\/wp-json\/wp\/v2\/comments?post=7485"}],"version-history":[{"count":3,"href":"https:\/\/grupobcc.com\/it\/wp-json\/wp\/v2\/pages\/7485\/revisions"}],"predecessor-version":[{"id":10845,"href":"https:\/\/grupobcc.com\/it\/wp-json\/wp\/v2\/pages\/7485\/revisions\/10845"}],"wp:attachment":[{"href":"https:\/\/grupobcc.com\/it\/wp-json\/wp\/v2\/media?parent=7485"}],"curies":[{"name":"wp","href":"https:\/\/api.w.org\/{rel}","templated":true}]}}