{"id":7515,"date":"2015-04-17T07:57:39","date_gmt":"2015-04-17T05:57:39","guid":{"rendered":"http:\/\/grupobcc.com\/home-2\/"},"modified":"2024-04-22T11:44:57","modified_gmt":"2024-04-22T09:44:57","slug":"home","status":"publish","type":"page","link":"https:\/\/grupobcc.com\/it\/","title":{"rendered":"Home BCC Speakers"},"content":{"rendered":"<p class=\"lead\">Dal 1992, Bcc Speakers \u00e8 la prima agenzia internazionale latino americana che ha promosso in maniera energica le personalit\u00e0 pi\u00f9 rilevanti del mondo di lingua spagnola. Il nostro chiaro compromesso nella difussione delle esperienze e della conoscenza utilizzando come mezzo la lingua spagnola, ci ha consentito di diventare la agenzia leader dell&#8217;America Latina.<\/p>\n<p>In questi anni di attivit\u00e0 abbiamo mantenuto una costante affluenza di personalit\u00e0 ed esperti in tutte le aree della conoscenza umana.<\/p>\n<p>Oggigiorno, Bcc Speakers lavora con gli specialisti pi\u00f9 importanti ispanici e internazionali che ci permettono di soddisfare le diverse tematiche che richiede il mercato. Dai nostri uffici centrali di Madrid, coordiniamo una rete internazionale di consulenti presenti in Messico, Bogot\u00e0, Buenos Aires, New York, Vancouver, Lisbona, Londra e Milano che ci permettono di assistire da vicino i nostri clienti e i nostri speakers in maniera agile.<\/p>\n<p>Non saremmo arrivati fin qui senza il lavoro, la dedizione e la passione dell&#8217;intera squadra che forma Bcc Speakers. Nemmeno senza l&#8217;appoggio di importanti personalit\u00e0 che hanno delegato a noi la gestione delle loro conferenze.<\/p>\n<p>E certamente, non avremmo raggiunto i nostri obbiettivi senza l&#8217;amplio portfolio di clienti, che, anno dopo anno, rinnovano la loro fiducia nella squadra professionale di Bcc Speakers.<\/p>\n<p>Alcune delle Organizzazioni e imprese pi\u00f9 importanti con le quali abbiamo collaborato sono\u00a0\u00a0<b>BANCO SANTANDER, TELEF\u00d3NICA, BBVA, REPSOL, GOOGLE, KPMG, GENERAL ELECTRIC, ACCENTURE, IBM, DEUSTCHE BANK, MERRYL LYNCH, FEMSA, GRUPO RHUO, DISNEY, COFAS, CAINCO, CEMEX, GNP, TELEVISA., TELMEX, MABE\u00a0<\/b>offrendo un servizio adattato alle necessit\u00e0 del mercato messicano.<\/p>\n<p>Tutto questo ci spinge e ci motiva a continuare a lavorare con rigore e professionalit\u00e0, con continuo rinnovo e con la esigenza di migliorare la qualit\u00e0 del nostro servizio.<\/p>\n<p><strong>Francisca Bujan<\/strong><\/p>\n<p><strong>La Presidente di Bcc Speakers<\/strong><\/p>\n<p>&nbsp;<\/p>\n<p>&nbsp;<\/p>\n<p>&nbsp;<\/p>\n<p>&nbsp;<\/p>\n","protected":false},"excerpt":{"rendered":"<p>Dal 1992, Bcc Speakers \u00e8 la prima agenzia internazionale latino americana che ha promosso in maniera energica le personalit\u00e0 pi\u00f9 rilevanti del mondo di lingua spagnola. Il nostro chiaro compromesso nella difussione delle esperienze e della conoscenza utilizzando come mezzo la lingua spagnola, ci ha consentito di diventare la agenzia leader dell&#8217;America Latina. In questi&#8230;  <a href=\"https:\/\/grupobcc.com\/it\/\" class=\"more-link\" title=\"Read Home BCC Speakers\">Read more &raquo;<\/a><\/p>\n","protected":false},"author":2,"featured_media":0,"parent":0,"menu_order":0,"comment_status":"open","ping_status":"closed","template":"page-homepage.php","meta":{"_mi_skip_tracking":false},"yoast_head":"<!-- This site is optimized with the Yoast SEO plugin v16.6 - https:\/\/yoast.com\/wordpress\/plugins\/seo\/ -->\n<meta name=\"description\" content=\"BCC Speakers \u00e8 la prima agenzia internazionale latino americana che lavora dal 1992 con gli speakers pi\u00f9 importanti del momento.\" \/>\n<meta name=\"robots\" content=\"index, follow, max-snippet:-1, max-image-preview:large, max-video-preview:-1\" \/>\n<link rel=\"canonical\" href=\"https:\/\/grupobcc.com\/it\/\" \/>\n<meta property=\"og:locale\" content=\"it_IT\" \/>\n<meta property=\"og:type\" content=\"article\" \/>\n<meta property=\"og:title\" content=\"BCC Speakers, agenzia internazionale dal 1992\" \/>\n<meta property=\"og:description\" content=\"BCC Speakers \u00e8 la prima agenzia internazionale latino americana che lavora dal 1992 con gli speakers pi\u00f9 importanti del momento.\" \/>\n<meta property=\"og:url\" content=\"https:\/\/grupobcc.com\/it\/\" \/>\n<meta property=\"og:site_name\" content=\"BCC Speakers\" \/>\n<meta property=\"article:modified_time\" content=\"2024-04-22T09:44:57+00:00\" \/>\n<meta name=\"twitter:card\" content=\"summary\" \/>\n<meta name=\"twitter:site\" content=\"@BCCSpeakers\" \/>\n<meta name=\"twitter:label1\" content=\"Est. reading time\" \/>\n\t<meta name=\"twitter:data1\" content=\"2 minutes\" \/>\n<script type=\"application\/ld+json\" class=\"yoast-schema-graph\">{\"@context\":\"https:\/\/schema.org\",\"@graph\":[{\"@type\":\"WebSite\",\"@id\":\"https:\/\/grupobcc.com\/it\/#website\",\"url\":\"https:\/\/grupobcc.com\/it\/\",\"name\":\"BCC Speakers\",\"description\":\"The International Speakers Bureau\",\"potentialAction\":[{\"@type\":\"SearchAction\",\"target\":{\"@type\":\"EntryPoint\",\"urlTemplate\":\"https:\/\/grupobcc.com\/it\/?s={search_term_string}\"},\"query-input\":\"required name=search_term_string\"}],\"inLanguage\":\"it-IT\"},{\"@type\":\"WebPage\",\"@id\":\"https:\/\/grupobcc.com\/it\/#webpage\",\"url\":\"https:\/\/grupobcc.com\/it\/\",\"name\":\"BCC Speakers, agenzia internazionale dal 1992\",\"isPartOf\":{\"@id\":\"https:\/\/grupobcc.com\/it\/#website\"},\"datePublished\":\"2015-04-17T05:57:39+00:00\",\"dateModified\":\"2024-04-22T09:44:57+00:00\",\"description\":\"BCC Speakers \\u00e8 la prima agenzia internazionale latino americana che lavora dal 1992 con gli speakers pi\\u00f9 importanti del momento.\",\"breadcrumb\":{\"@id\":\"https:\/\/grupobcc.com\/it\/#breadcrumb\"},\"inLanguage\":\"it-IT\",\"potentialAction\":[{\"@type\":\"ReadAction\",\"target\":[\"https:\/\/grupobcc.com\/it\/\"]}]},{\"@type\":\"BreadcrumbList\",\"@id\":\"https:\/\/grupobcc.com\/it\/#breadcrumb\",\"itemListElement\":[{\"@type\":\"ListItem\",\"position\":1,\"name\":\"Portada\",\"item\":\"https:\/\/grupobcc.com\/it\/\"},{\"@type\":\"ListItem\",\"position\":2,\"name\":\"Home BCC Speakers\"}]}]}<\/script>\n<!-- \/ Yoast SEO plugin. -->","_links":{"self":[{"href":"https:\/\/grupobcc.com\/it\/wp-json\/wp\/v2\/pages\/7515"}],"collection":[{"href":"https:\/\/grupobcc.com\/it\/wp-json\/wp\/v2\/pages"}],"about":[{"href":"https:\/\/grupobcc.com\/it\/wp-json\/wp\/v2\/types\/page"}],"author":[{"embeddable":true,"href":"https:\/\/grupobcc.com\/it\/wp-json\/wp\/v2\/users\/2"}],"replies":[{"embeddable":true,"href":"https:\/\/grupobcc.com\/it\/wp-json\/wp\/v2\/comments?post=7515"}],"version-history":[{"count":4,"href":"https:\/\/grupobcc.com\/it\/wp-json\/wp\/v2\/pages\/7515\/revisions"}],"predecessor-version":[{"id":37704,"href":"https:\/\/grupobcc.com\/it\/wp-json\/wp\/v2\/pages\/7515\/revisions\/37704"}],"wp:attachment":[{"href":"https:\/\/grupobcc.com\/it\/wp-json\/wp\/v2\/media?parent=7515"}],"curies":[{"name":"wp","href":"https:\/\/api.w.org\/{rel}","templated":true}]}}