{"id":7492,"date":"2015-04-17T12:10:54","date_gmt":"2015-04-17T10:10:54","guid":{"rendered":"http:\/\/grupobcc.com\/bcc-conferenciantes-2\/"},"modified":"2016-07-15T18:43:35","modified_gmt":"2016-07-15T16:43:35","slug":"bcc-conferenciantes","status":"publish","type":"page","link":"https:\/\/grupobcc.com\/mx\/bcc-conferenciantes\/","title":{"rendered":"BCC Conferenciantes"},"content":{"rendered":"<p class=\"lead\">Desde 1992, BCC Conferenciantes ha sido la primera Agencia Internacional Hispanoamericana que ha promovido de forma activa y con preferencia a las personalidades m\u00e1s destacadas del mundo hispanohablante. Nuestro claro compromiso en la difusi\u00f3n de experiencias y conocimientos, utilizando como veh\u00edculo el idioma espa\u00f1ol, nos ha posicionado como la agencia l\u00edder de Hispanoam\u00e9rica.<\/p>\n<p class=\"txt-resaltado\" style=\"text-align: justify;\">En estos a\u00f1os de actividad hemos mantenido una permanente incorporaci\u00f3n de personalidades y expertos en todas las \u00e1reas del conocimiento humano. Actualmente, BCC\u00a0Conferenciantes trabaja con los m\u00e1s destacados especialistas hispanos e internacionales que le permiten atender las diferentes tem\u00e1ticas que demanda el mercado. Desde nuestras oficinas centrales de Madrid, coordinamos una red internacional de consultores con presencia en local M\u00e9xico, Bogot\u00e1, Buenos Aires, Nueva York, Vancouver, Lisboa y Londres, que nos permite atender a nuestros clientes y conferenciantes de forma \u00e1gil y cercana.<\/p>\n<p class=\"txt-resaltado\" style=\"text-align: justify;\">No podr\u00edamos haber llegado hasta aqu\u00ed sin el trabajo, la dedicaci\u00f3n y la entrega de todo el equipo humano que conforma BCC Conferenciantes. Tampoco sin el apoyo de las importantes personalidades que han delegado en nosotros su gesti\u00f3n como conferenciantes. Y por supuesto, no habr\u00edamos alcanzado nuestros objetivos sin la amplia cartera de clientes que, a\u00f1o tras a\u00f1o, renuevan su confianza en el equipo profesional de BCC Conferenciantes.<\/p>\n<p class=\"txt-resaltado\" style=\"text-align: justify;\">Todo ello nos impulsa a seguir trabajando con rigor y profesionalidad, en constante renovaci\u00f3n y con la exigencia de mejorar nuestra calidad de servicio.<\/p>\n<p class=\"txt-resaltado\" align=\"justify\"><strong>Francisca Buj\u00e1n<\/strong><br \/>\n<strong>Presidenta del Grupo BCC<\/strong><\/p>\n","protected":false},"excerpt":{"rendered":"<p>Desde 1992, BCC Conferenciantes ha sido la primera Agencia Internacional Hispanoamericana que ha promovido de forma activa y con preferencia a las personalidades m\u00e1s destacadas del mundo hispanohablante. Nuestro claro compromiso en la difusi\u00f3n de experiencias y conocimientos, utilizando como veh\u00edculo el idioma espa\u00f1ol, nos ha posicionado como la agencia l\u00edder de Hispanoam\u00e9rica. En estos&#8230;  <a href=\"https:\/\/grupobcc.com\/mx\/bcc-conferenciantes\/\" class=\"more-link\" title=\"Read BCC Conferenciantes\">Read more &raquo;<\/a><\/p>\n","protected":false},"author":2,"featured_media":0,"parent":0,"menu_order":0,"comment_status":"open","ping_status":"open","template":"page-nosotros.php","meta":{"_mi_skip_tracking":false},"yoast_head":"<!-- This site is optimized with the Yoast SEO plugin v16.6 - https:\/\/yoast.com\/wordpress\/plugins\/seo\/ -->\n<meta name=\"description\" content=\"BCC Conferenciantes, la primera Agencia Internacional Hispanoamericana, promueve de forma activa las personalidades m\u00e1s destacadas del mundo hispanoparlante\" \/>\n<meta name=\"robots\" content=\"index, follow, max-snippet:-1, max-image-preview:large, max-video-preview:-1\" \/>\n<link rel=\"canonical\" href=\"https:\/\/grupobcc.com\/mx\/bcc-conferenciantes\/\" \/>\n<meta property=\"og:locale\" content=\"es_MX\" \/>\n<meta property=\"og:type\" content=\"article\" \/>\n<meta property=\"og:title\" content=\"BCC Conferenciantes Agencia internacional\" \/>\n<meta property=\"og:description\" content=\"BCC Conferenciantes, la primera Agencia Internacional Hispanoamericana, promueve de forma activa las personalidades m\u00e1s destacadas del mundo hispanoparlante\" \/>\n<meta property=\"og:url\" content=\"https:\/\/grupobcc.com\/mx\/bcc-conferenciantes\/\" \/>\n<meta property=\"og:site_name\" content=\"BCC Speakers\" \/>\n<meta property=\"article:modified_time\" content=\"2016-07-15T16:43:35+00:00\" \/>\n<meta name=\"twitter:card\" content=\"summary\" \/>\n<meta name=\"twitter:site\" content=\"@BCCSpeakers\" \/>\n<meta name=\"twitter:label1\" content=\"Est. reading time\" \/>\n\t<meta name=\"twitter:data1\" content=\"1 minute\" \/>\n<script type=\"application\/ld+json\" class=\"yoast-schema-graph\">{\"@context\":\"https:\/\/schema.org\",\"@graph\":[{\"@type\":\"WebSite\",\"@id\":\"https:\/\/grupobcc.com\/mx\/#website\",\"url\":\"https:\/\/grupobcc.com\/mx\/\",\"name\":\"BCC Speakers\",\"description\":\"The International Speakers Bureau\",\"potentialAction\":[{\"@type\":\"SearchAction\",\"target\":{\"@type\":\"EntryPoint\",\"urlTemplate\":\"https:\/\/grupobcc.com\/mx\/?s={search_term_string}\"},\"query-input\":\"required name=search_term_string\"}],\"inLanguage\":\"es-MX\"},{\"@type\":\"WebPage\",\"@id\":\"https:\/\/grupobcc.com\/mx\/bcc-conferenciantes\/#webpage\",\"url\":\"https:\/\/grupobcc.com\/mx\/bcc-conferenciantes\/\",\"name\":\"BCC Conferenciantes Agencia internacional\",\"isPartOf\":{\"@id\":\"https:\/\/grupobcc.com\/mx\/#website\"},\"datePublished\":\"2015-04-17T10:10:54+00:00\",\"dateModified\":\"2016-07-15T16:43:35+00:00\",\"description\":\"BCC Conferenciantes, la primera Agencia Internacional Hispanoamericana, promueve de forma activa las personalidades m\\u00e1s destacadas del mundo hispanoparlante\",\"breadcrumb\":{\"@id\":\"https:\/\/grupobcc.com\/mx\/bcc-conferenciantes\/#breadcrumb\"},\"inLanguage\":\"es-MX\",\"potentialAction\":[{\"@type\":\"ReadAction\",\"target\":[\"https:\/\/grupobcc.com\/mx\/bcc-conferenciantes\/\"]}]},{\"@type\":\"BreadcrumbList\",\"@id\":\"https:\/\/grupobcc.com\/mx\/bcc-conferenciantes\/#breadcrumb\",\"itemListElement\":[{\"@type\":\"ListItem\",\"position\":1,\"name\":\"Portada\",\"item\":\"https:\/\/grupobcc.com\/mx\/\"},{\"@type\":\"ListItem\",\"position\":2,\"name\":\"BCC Conferenciantes\"}]}]}<\/script>\n<!-- \/ Yoast SEO plugin. -->","_links":{"self":[{"href":"https:\/\/grupobcc.com\/mx\/wp-json\/wp\/v2\/pages\/7492"}],"collection":[{"href":"https:\/\/grupobcc.com\/mx\/wp-json\/wp\/v2\/pages"}],"about":[{"href":"https:\/\/grupobcc.com\/mx\/wp-json\/wp\/v2\/types\/page"}],"author":[{"embeddable":true,"href":"https:\/\/grupobcc.com\/mx\/wp-json\/wp\/v2\/users\/2"}],"replies":[{"embeddable":true,"href":"https:\/\/grupobcc.com\/mx\/wp-json\/wp\/v2\/comments?post=7492"}],"version-history":[{"count":1,"href":"https:\/\/grupobcc.com\/mx\/wp-json\/wp\/v2\/pages\/7492\/revisions"}],"predecessor-version":[{"id":9941,"href":"https:\/\/grupobcc.com\/mx\/wp-json\/wp\/v2\/pages\/7492\/revisions\/9941"}],"wp:attachment":[{"href":"https:\/\/grupobcc.com\/mx\/wp-json\/wp\/v2\/media?parent=7492"}],"curies":[{"name":"wp","href":"https:\/\/api.w.org\/{rel}","templated":true}]}}